{"id":9,"date":"2024-03-26T08:03:57","date_gmt":"2024-03-26T08:03:57","guid":{"rendered":"https:\/\/estrategiaviral.com\/?page_id=9"},"modified":"2024-04-19T18:14:51","modified_gmt":"2024-04-19T18:14:51","slug":"que-hacemos","status":"publish","type":"page","link":"https:\/\/estrategiaviral.com\/index.php\/que-hacemos\/","title":{"rendered":"QU\u00c9 HACEMOS"},"content":{"rendered":"\t\t<div data-elementor-type=\"wp-page\" data-elementor-id=\"9\" class=\"elementor elementor-9\" data-elementor-post-type=\"page\">\n\t\t\t\t<div class=\"elementor-element elementor-element-3eb96d0 e-con-full e-flex e-con e-parent\" data-id=\"3eb96d0\" data-element_type=\"container\" data-settings=\"{&quot;background_background&quot;:&quot;classic&quot;}\" data-core-v316-plus=\"true\">\n\t\t<div class=\"elementor-element elementor-element-a22e926 e-con-full e-flex e-con e-child\" data-id=\"a22e926\" data-element_type=\"container\">\n\t\t\t\t<div class=\"elementor-element elementor-element-3b8077d elementor-widget elementor-widget-image\" data-id=\"3b8077d\" data-element_type=\"widget\" data-widget_type=\"image.default\">\n\t\t\t\t<div class=\"elementor-widget-container\">\n\t\t\t<style>\/*! elementor - v3.20.0 - 20-03-2024 *\/\n.elementor-widget-image{text-align:center}.elementor-widget-image a{display:inline-block}.elementor-widget-image a img[src$=\".svg\"]{width:48px}.elementor-widget-image img{vertical-align:middle;display:inline-block}<\/style>\t\t\t\t\t\t\t\t\t\t<img fetchpriority=\"high\" decoding=\"async\" width=\"407\" height=\"394\" src=\"https:\/\/estrategiaviral.com\/wp-content\/uploads\/2024\/03\/Recurso-43.png\" class=\"attachment-full size-full wp-image-439\" alt=\"\" srcset=\"https:\/\/estrategiaviral.com\/wp-content\/uploads\/2024\/03\/Recurso-43.png 407w, https:\/\/estrategiaviral.com\/wp-content\/uploads\/2024\/03\/Recurso-43-300x290.png 300w\" sizes=\"(max-width: 407px) 100vw, 407px\" \/>\t\t\t\t\t\t\t\t\t\t\t\t\t<\/div>\n\t\t\t\t<\/div>\n\t\t\t\t<\/div>\n\t\t<div class=\"elementor-element elementor-element-6cfc55e e-con-full e-flex e-con e-child\" data-id=\"6cfc55e\" data-element_type=\"container\">\n\t\t\t\t<div class=\"elementor-element elementor-element-402bdcb elementor-widget elementor-widget-heading\" data-id=\"402bdcb\" data-element_type=\"widget\" data-widget_type=\"heading.default\">\n\t\t\t\t<div class=\"elementor-widget-container\">\n\t\t\t<style>\/*! elementor - v3.20.0 - 20-03-2024 *\/\n.elementor-heading-title{padding:0;margin:0;line-height:1}.elementor-widget-heading .elementor-heading-title[class*=elementor-size-]>a{color:inherit;font-size:inherit;line-height:inherit}.elementor-widget-heading .elementor-heading-title.elementor-size-small{font-size:15px}.elementor-widget-heading .elementor-heading-title.elementor-size-medium{font-size:19px}.elementor-widget-heading .elementor-heading-title.elementor-size-large{font-size:29px}.elementor-widget-heading .elementor-heading-title.elementor-size-xl{font-size:39px}.elementor-widget-heading .elementor-heading-title.elementor-size-xxl{font-size:59px}<\/style><h2 class=\"elementor-heading-title elementor-size-default\">Tus resultados son nuestra raz\u00f3n<\/h2>\t\t<\/div>\n\t\t\t\t<\/div>\n\t\t\t\t<div class=\"elementor-element elementor-element-233167d elementor-widget elementor-widget-text-editor\" data-id=\"233167d\" data-element_type=\"widget\" data-widget_type=\"text-editor.default\">\n\t\t\t\t<div class=\"elementor-widget-container\">\n\t\t\t<style>\/*! elementor - v3.20.0 - 20-03-2024 *\/\n.elementor-widget-text-editor.elementor-drop-cap-view-stacked .elementor-drop-cap{background-color:#69727d;color:#fff}.elementor-widget-text-editor.elementor-drop-cap-view-framed .elementor-drop-cap{color:#69727d;border:3px solid;background-color:transparent}.elementor-widget-text-editor:not(.elementor-drop-cap-view-default) .elementor-drop-cap{margin-top:8px}.elementor-widget-text-editor:not(.elementor-drop-cap-view-default) .elementor-drop-cap-letter{width:1em;height:1em}.elementor-widget-text-editor .elementor-drop-cap{float:left;text-align:center;line-height:1;font-size:50px}.elementor-widget-text-editor .elementor-drop-cap-letter{display:inline-block}<\/style>\t\t\t\t<p>Somos una Agencia de Marketing Digital enfocada en tus resultados. Hemos desarrollado nuestra f\u00f3rmula de Estrategias de Marketing Digital pensada para atraer, retener y fidelizar a tus clientes potenciales! Esto nos identifica y nos diferencia!<\/p><p>Considera esto: tener un website que no genere conversiones es como tener una tienda en el piso 15\u00ba de un edificio sin carteles ni ascensor. Si tienes un local comercial, \u00bfno deber\u00edas tenerlo a pie de calle con un cartel grande y visible?<\/p>\t\t\t\t\t\t<\/div>\n\t\t\t\t<\/div>\n\t\t\t\t<\/div>\n\t\t\t\t<\/div>\n\t\t<div class=\"elementor-element elementor-element-e523a14 e-con-full e-flex e-con e-parent\" data-id=\"e523a14\" data-element_type=\"container\" data-settings=\"{&quot;background_background&quot;:&quot;classic&quot;}\" data-core-v316-plus=\"true\">\n\t\t\t\t<div class=\"elementor-element elementor-element-ea2c202 elementor-widget elementor-widget-text-editor\" data-id=\"ea2c202\" data-element_type=\"widget\" data-widget_type=\"text-editor.default\">\n\t\t\t\t<div class=\"elementor-widget-container\">\n\t\t\t\t\t\t\t<p>A <span style=\"text-decoration: underline;\"><strong>15.000 <\/strong><\/span>visitas y<span style=\"text-decoration: underline;\"><strong> 500 Conversiones<\/strong><\/span> el primer a\u00f1o<\/p>\t\t\t\t\t\t<\/div>\n\t\t\t\t<\/div>\n\t\t\t\t<div class=\"elementor-element elementor-element-ab65f1d elementor-align-center elementor-widget elementor-widget-button\" data-id=\"ab65f1d\" data-element_type=\"widget\" data-widget_type=\"button.default\">\n\t\t\t\t<div class=\"elementor-widget-container\">\n\t\t\t\t\t<div class=\"elementor-button-wrapper\">\n\t\t\t<a class=\"elementor-button elementor-button-link elementor-size-sm\" href=\"#elementor-action%3Aaction%3Dpopup%3Aopen%26settings%3DeyJpZCI6IjE3MjkiLCJ0b2dnbGUiOmZhbHNlfQ%3D%3D\">\n\t\t\t\t\t\t<span class=\"elementor-button-content-wrapper\">\n\t\t\t\t\t\t<span class=\"elementor-button-text\">Cotizar estrategia e-Marketing<\/span>\n\t\t<\/span>\n\t\t\t\t\t<\/a>\n\t\t<\/div>\n\t\t\t\t<\/div>\n\t\t\t\t<\/div>\n\t\t\t\t<\/div>\n\t\t<div class=\"elementor-element elementor-element-862c318 e-flex e-con-boxed e-con e-parent\" data-id=\"862c318\" data-element_type=\"container\" data-settings=\"{&quot;background_background&quot;:&quot;classic&quot;}\" data-core-v316-plus=\"true\">\n\t\t\t\t\t<div class=\"e-con-inner\">\n\t\t\t\t\t<\/div>\n\t\t\t\t<\/div>\n\t\t<div class=\"elementor-element elementor-element-b1a241f e-flex e-con-boxed e-con e-parent\" data-id=\"b1a241f\" data-element_type=\"container\" data-settings=\"{&quot;background_background&quot;:&quot;classic&quot;}\" data-core-v316-plus=\"true\">\n\t\t\t\t\t<div class=\"e-con-inner\">\n\t\t<div class=\"elementor-element elementor-element-5b57e8d e-con-full e-flex e-con e-child\" data-id=\"5b57e8d\" data-element_type=\"container\">\n\t\t\t\t<div class=\"elementor-element elementor-element-4f5ef66 elementor-widget elementor-widget-text-editor\" data-id=\"4f5ef66\" data-element_type=\"widget\" data-widget_type=\"text-editor.default\">\n\t\t\t\t<div class=\"elementor-widget-container\">\n\t\t\t\t\t\t\tDescubrimos los puntos d\u00e9biles por los cuales est\u00e1s perdiendo oportunidades. Este es nuestro punto de partida para emprender una estrategia digital optimizada a la conversi\u00f3n\t\t\t\t\t\t<\/div>\n\t\t\t\t<\/div>\n\t\t\t\t<div class=\"elementor-element elementor-element-9949f27 elementor-align-left elementor-hidden-desktop elementor-hidden-tablet elementor-hidden-mobile elementor-widget elementor-widget-button\" data-id=\"9949f27\" data-element_type=\"widget\" data-widget_type=\"button.default\">\n\t\t\t\t<div class=\"elementor-widget-container\">\n\t\t\t\t\t<div class=\"elementor-button-wrapper\">\n\t\t\t<a class=\"elementor-button elementor-button-link elementor-size-sm\" href=\"#\">\n\t\t\t\t\t\t<span class=\"elementor-button-content-wrapper\">\n\t\t\t\t\t\t<span class=\"elementor-button-text\">Ampliar Info<\/span>\n\t\t<\/span>\n\t\t\t\t\t<\/a>\n\t\t<\/div>\n\t\t\t\t<\/div>\n\t\t\t\t<\/div>\n\t\t\t\t<\/div>\n\t\t<div class=\"elementor-element elementor-element-caed0b8 e-con-full e-flex e-con e-child\" data-id=\"caed0b8\" data-element_type=\"container\">\n\t\t\t\t<div class=\"elementor-element elementor-element-76d549c elementor-widget elementor-widget-text-editor\" data-id=\"76d549c\" data-element_type=\"widget\" data-widget_type=\"text-editor.default\">\n\t\t\t\t<div class=\"elementor-widget-container\">\n\t\t\t\t\t\t\tOptimizamos tus contenidos en dos verticales: SEO, para buscadores (Google, Bing, Yahoo) y para con t\u00e9cnicas de Neuromarketing y PNL para usuarios, asegurando contenidos relevantes.\t\t\t\t\t\t<\/div>\n\t\t\t\t<\/div>\n\t\t\t\t<div class=\"elementor-element elementor-element-b97b72f elementor-align-left elementor-hidden-desktop elementor-hidden-tablet elementor-hidden-mobile elementor-widget elementor-widget-button\" data-id=\"b97b72f\" data-element_type=\"widget\" data-widget_type=\"button.default\">\n\t\t\t\t<div class=\"elementor-widget-container\">\n\t\t\t\t\t<div class=\"elementor-button-wrapper\">\n\t\t\t<a class=\"elementor-button elementor-button-link elementor-size-sm\" href=\"#\">\n\t\t\t\t\t\t<span class=\"elementor-button-content-wrapper\">\n\t\t\t\t\t\t<span class=\"elementor-button-text\">Ampliar Info<\/span>\n\t\t<\/span>\n\t\t\t\t\t<\/a>\n\t\t<\/div>\n\t\t\t\t<\/div>\n\t\t\t\t<\/div>\n\t\t\t\t<\/div>\n\t\t<div class=\"elementor-element elementor-element-a696d6d e-con-full e-flex e-con e-child\" data-id=\"a696d6d\" data-element_type=\"container\">\n\t\t\t\t<div class=\"elementor-element elementor-element-059ff0e elementor-widget elementor-widget-text-editor\" data-id=\"059ff0e\" data-element_type=\"widget\" data-widget_type=\"text-editor.default\">\n\t\t\t\t<div class=\"elementor-widget-container\">\n\t\t\t\t\t\t\t\u00bfUn dise\u00f1o lindo vende m\u00e1s? Pi\u00e9nsalo otra vez. La funci\u00f3n del dise\u00f1o en t\u00e9rminos de e-marketing es que la comunicaci\u00f3n sea efectiva a la hora de vender, que genere conversiones.\t\t\t\t\t\t<\/div>\n\t\t\t\t<\/div>\n\t\t\t\t<div class=\"elementor-element elementor-element-cf02e7a elementor-align-left elementor-hidden-desktop elementor-hidden-tablet elementor-hidden-mobile elementor-widget elementor-widget-button\" data-id=\"cf02e7a\" data-element_type=\"widget\" data-widget_type=\"button.default\">\n\t\t\t\t<div class=\"elementor-widget-container\">\n\t\t\t\t\t<div class=\"elementor-button-wrapper\">\n\t\t\t<a class=\"elementor-button elementor-button-link elementor-size-sm\" href=\"#\">\n\t\t\t\t\t\t<span class=\"elementor-button-content-wrapper\">\n\t\t\t\t\t\t<span class=\"elementor-button-text\">Ampliar Info<\/span>\n\t\t<\/span>\n\t\t\t\t\t<\/a>\n\t\t<\/div>\n\t\t\t\t<\/div>\n\t\t\t\t<\/div>\n\t\t\t\t<\/div>\n\t\t<div class=\"elementor-element elementor-element-5b9f3f1 e-con-full e-flex e-con e-child\" data-id=\"5b9f3f1\" data-element_type=\"container\">\n\t\t\t\t<div class=\"elementor-element elementor-element-bda20fa elementor-widget elementor-widget-text-editor\" data-id=\"bda20fa\" data-element_type=\"widget\" data-widget_type=\"text-editor.default\">\n\t\t\t\t<div class=\"elementor-widget-container\">\n\t\t\t\t\t\t\tUn e-mail es 40 veces m\u00e1s efectivo para adquirir nuevos clientes que los canales sociales como Facebook o Twitter. Dise\u00f1amos estrategias en email marketing efectivas\t\t\t\t\t\t<\/div>\n\t\t\t\t<\/div>\n\t\t\t\t<div class=\"elementor-element elementor-element-f3a106a elementor-align-left elementor-hidden-desktop elementor-hidden-tablet elementor-hidden-mobile elementor-widget elementor-widget-button\" data-id=\"f3a106a\" data-element_type=\"widget\" data-widget_type=\"button.default\">\n\t\t\t\t<div class=\"elementor-widget-container\">\n\t\t\t\t\t<div class=\"elementor-button-wrapper\">\n\t\t\t<a class=\"elementor-button elementor-button-link elementor-size-sm\" href=\"#\">\n\t\t\t\t\t\t<span class=\"elementor-button-content-wrapper\">\n\t\t\t\t\t\t<span class=\"elementor-button-text\">Ampliar Info<\/span>\n\t\t<\/span>\n\t\t\t\t\t<\/a>\n\t\t<\/div>\n\t\t\t\t<\/div>\n\t\t\t\t<\/div>\n\t\t\t\t<\/div>\n\t\t<div class=\"elementor-element elementor-element-6363760 e-con-full e-flex e-con e-child\" data-id=\"6363760\" data-element_type=\"container\">\n\t\t\t\t<div class=\"elementor-element elementor-element-4f4014a elementor-widget elementor-widget-text-editor\" data-id=\"4f4014a\" data-element_type=\"widget\" data-widget_type=\"text-editor.default\">\n\t\t\t\t<div class=\"elementor-widget-container\">\n\t\t\t\t\t\t\tCreamos campa\u00f1as de anuncios para Adwords, Facebook y otras plataformas. Nuestras campa\u00f1as est\u00e1n optimizadas para obtener la mayor conversi\u00f3n al menor costo, haciendo la inversi\u00f3n rentable.\t\t\t\t\t\t<\/div>\n\t\t\t\t<\/div>\n\t\t\t\t<div class=\"elementor-element elementor-element-f720d2f elementor-align-left elementor-hidden-desktop elementor-hidden-tablet elementor-hidden-mobile elementor-widget elementor-widget-button\" data-id=\"f720d2f\" data-element_type=\"widget\" data-widget_type=\"button.default\">\n\t\t\t\t<div class=\"elementor-widget-container\">\n\t\t\t\t\t<div class=\"elementor-button-wrapper\">\n\t\t\t<a class=\"elementor-button elementor-button-link elementor-size-sm\" href=\"#\">\n\t\t\t\t\t\t<span class=\"elementor-button-content-wrapper\">\n\t\t\t\t\t\t<span class=\"elementor-button-text\">Ampliar Info<\/span>\n\t\t<\/span>\n\t\t\t\t\t<\/a>\n\t\t<\/div>\n\t\t\t\t<\/div>\n\t\t\t\t<\/div>\n\t\t\t\t<\/div>\n\t\t<div class=\"elementor-element elementor-element-25408b5 e-con-full e-flex e-con e-child\" data-id=\"25408b5\" data-element_type=\"container\">\n\t\t\t\t<div class=\"elementor-element elementor-element-ccc168a elementor-widget elementor-widget-text-editor\" data-id=\"ccc168a\" data-element_type=\"widget\" data-widget_type=\"text-editor.default\">\n\t\t\t\t<div class=\"elementor-widget-container\">\n\t\t\t\t\t\t\t2.3 Billones de personas son activas en las redes sociales, de ah\u00ed la importancia de combinar estas plataformas con toda la estrategia digital\t\t\t\t\t\t<\/div>\n\t\t\t\t<\/div>\n\t\t\t\t<div class=\"elementor-element elementor-element-67de93c elementor-align-left elementor-hidden-desktop elementor-hidden-tablet elementor-hidden-mobile elementor-widget elementor-widget-button\" data-id=\"67de93c\" data-element_type=\"widget\" data-widget_type=\"button.default\">\n\t\t\t\t<div class=\"elementor-widget-container\">\n\t\t\t\t\t<div class=\"elementor-button-wrapper\">\n\t\t\t<a class=\"elementor-button elementor-button-link elementor-size-sm\" href=\"#\">\n\t\t\t\t\t\t<span class=\"elementor-button-content-wrapper\">\n\t\t\t\t\t\t<span class=\"elementor-button-text\">Ampliar Info<\/span>\n\t\t<\/span>\n\t\t\t\t\t<\/a>\n\t\t<\/div>\n\t\t\t\t<\/div>\n\t\t\t\t<\/div>\n\t\t\t\t<\/div>\n\t\t\t\t\t<\/div>\n\t\t\t\t<\/div>\n\t\t<div class=\"elementor-element elementor-element-4633831 e-flex e-con-boxed e-con e-parent\" data-id=\"4633831\" data-element_type=\"container\" data-settings=\"{&quot;background_background&quot;:&quot;classic&quot;}\" data-core-v316-plus=\"true\">\n\t\t\t\t\t<div class=\"e-con-inner\">\n\t\t\t\t<div class=\"elementor-element elementor-element-000e696 elementor-align-center elementor-widget elementor-widget-button\" data-id=\"000e696\" data-element_type=\"widget\" data-widget_type=\"button.default\">\n\t\t\t\t<div class=\"elementor-widget-container\">\n\t\t\t\t\t<div class=\"elementor-button-wrapper\">\n\t\t\t<a class=\"elementor-button elementor-button-link elementor-size-sm\" href=\"#elementor-action%3Aaction%3Dpopup%3Aopen%26settings%3DeyJpZCI6IjE3MjkiLCJ0b2dnbGUiOmZhbHNlfQ%3D%3D\">\n\t\t\t\t\t\t<span class=\"elementor-button-content-wrapper\">\n\t\t\t\t\t\t<span class=\"elementor-button-text\">Cont\u00e1ctanos<\/span>\n\t\t<\/span>\n\t\t\t\t\t<\/a>\n\t\t<\/div>\n\t\t\t\t<\/div>\n\t\t\t\t<\/div>\n\t\t\t\t\t<\/div>\n\t\t\t\t<\/div>\n\t\t<div class=\"elementor-element elementor-element-e7a7ef1 e-flex e-con-boxed e-con e-parent\" data-id=\"e7a7ef1\" data-element_type=\"container\" data-settings=\"{&quot;background_background&quot;:&quot;classic&quot;}\" data-core-v316-plus=\"true\">\n\t\t\t\t\t<div class=\"e-con-inner\">\n\t\t\t\t<div class=\"elementor-element elementor-element-9a48beb elementor-widget__width-initial elementor-widget elementor-widget-text-editor\" data-id=\"9a48beb\" data-element_type=\"widget\" data-widget_type=\"text-editor.default\">\n\t\t\t\t<div class=\"elementor-widget-container\">\n\t\t\t\t\t\t\t<p>\u00bfTienes\u00a0 pero a\u00fan as\u00ed<strong> tu p\u00e1gina web no te est\u00e1 generando ingresos?.<\/strong><br \/>Hay muchas razones por las que un sitio web no genera &#8220;conversiones&#8221;, lo que se traduce en ingresos.<\/p><p>Lo primero que debes pensar es si tu estrategia de marketing digital es efectiva (si es que tienes una). Una buena estrategia de e-marketing debe llevar a tus clientes potenciales a visitar tu web, y estando all\u00ed, a generar acciones valiosas para tu negocio: comprar productos\/servicios, ponerse en contacto, pedir una cotizaci\u00f3n, descargar un material&#8230;Depende de tus objetivos.<\/p><p><strong>\u00bfEstas aplicando estrategias de Marketing Digital Efectivas?<\/strong><\/p>\t\t\t\t\t\t<\/div>\n\t\t\t\t<\/div>\n\t\t\t\t<div class=\"elementor-element elementor-element-a044bea elementor-align-center elementor-widget elementor-widget-button\" data-id=\"a044bea\" data-element_type=\"widget\" data-widget_type=\"button.default\">\n\t\t\t\t<div class=\"elementor-widget-container\">\n\t\t\t\t\t<div class=\"elementor-button-wrapper\">\n\t\t\t<a class=\"elementor-button elementor-button-link elementor-size-sm\" href=\"#elementor-action%3Aaction%3Dpopup%3Aopen%26settings%3DeyJpZCI6IjE3MjkiLCJ0b2dnbGUiOmZhbHNlfQ%3D%3D\">\n\t\t\t\t\t\t<span class=\"elementor-button-content-wrapper\">\n\t\t\t\t\t\t<span class=\"elementor-button-text\">Cotizar Ahora<\/span>\n\t\t<\/span>\n\t\t\t\t\t<\/a>\n\t\t<\/div>\n\t\t\t\t<\/div>\n\t\t\t\t<\/div>\n\t\t\t\t\t<\/div>\n\t\t\t\t<\/div>\n\t\t<div class=\"elementor-element elementor-element-f09f9f7 e-flex e-con-boxed e-con e-parent\" data-id=\"f09f9f7\" data-element_type=\"container\" data-settings=\"{&quot;background_background&quot;:&quot;classic&quot;}\" data-core-v316-plus=\"true\">\n\t\t\t\t\t<div class=\"e-con-inner\">\n\t\t\t\t<div class=\"elementor-element elementor-element-9b4a667 elementor-widget elementor-widget-heading\" data-id=\"9b4a667\" data-element_type=\"widget\" data-widget_type=\"heading.default\">\n\t\t\t\t<div class=\"elementor-widget-container\">\n\t\t\t<h2 class=\"elementor-heading-title elementor-size-default\">\u00bfTu sitio web no aparece en Google? <\/h2>\t\t<\/div>\n\t\t\t\t<\/div>\n\t\t\t\t<div class=\"elementor-element elementor-element-a3af1f0 elementor-widget elementor-widget-text-editor\" data-id=\"a3af1f0\" data-element_type=\"widget\" data-widget_type=\"text-editor.default\">\n\t\t\t\t<div class=\"elementor-widget-container\">\n\t\t\t\t\t\t\t<p>La mejor manera de esconder un website es ubicarlo en la primera posici\u00f3n de la segunda p\u00e1gina en Google. As\u00ed de sencillo, y hablamos de Google ya que m\u00e1s del 65% de usuarios prefieren Google, pero aplica para todos los buscadores. Que tu sitio web se ubique en la primera p\u00e1gina en los resultados de b\u00fasqueda es el resultado m\u00e1s \u00f3ptimo ya que genera clicks por m\u00e1s del 90% frente a la segunda p\u00e1gina.<\/p><p>Nuestros Servicios en E-Marketing consideran la importancia de las posiciones en Google, Bing, Yahoo y en general, de los motores de b\u00fasqueda. Nuestro trabajo consiste en ganar posiciones y optimizar <strong>tu website para aparecer en los primeros resultados.<\/strong> Tu negocio entonces ser\u00e1 visible para tus usuarios, y generar\u00e1 mayores ingresos.<\/p>\t\t\t\t\t\t<\/div>\n\t\t\t\t<\/div>\n\t\t\t\t<div class=\"elementor-element elementor-element-3005508 elementor-align-center elementor-widget elementor-widget-button\" data-id=\"3005508\" data-element_type=\"widget\" data-widget_type=\"button.default\">\n\t\t\t\t<div class=\"elementor-widget-container\">\n\t\t\t\t\t<div class=\"elementor-button-wrapper\">\n\t\t\t<a class=\"elementor-button elementor-button-link elementor-size-sm\" href=\"#elementor-action%3Aaction%3Dpopup%3Aopen%26settings%3DeyJpZCI6IjE3MjkiLCJ0b2dnbGUiOmZhbHNlfQ%3D%3D\">\n\t\t\t\t\t\t<span class=\"elementor-button-content-wrapper\">\n\t\t\t\t\t\t<span class=\"elementor-button-text\">Aparecer en Google<\/span>\n\t\t<\/span>\n\t\t\t\t\t<\/a>\n\t\t<\/div>\n\t\t\t\t<\/div>\n\t\t\t\t<\/div>\n\t\t\t\t\t<\/div>\n\t\t\t\t<\/div>\n\t\t\t\t<\/div>\n\t\t","protected":false},"excerpt":{"rendered":"<p>Tus resultados son nuestra raz\u00f3n Somos una Agencia de Marketing Digital enfocada en tus resultados. Hemos desarrollado nuestra f\u00f3rmula de Estrategias de Marketing Digital pensada para atraer, retener y fidelizar a tus clientes potenciales! Esto nos identifica y nos diferencia! Considera esto: tener un website que no genere conversiones es como tener una tienda en [&hellip;]<\/p>\n","protected":false},"author":1,"featured_media":0,"parent":0,"menu_order":0,"comment_status":"closed","ping_status":"closed","template":"","meta":{"inline_featured_image":false,"footnotes":""},"class_list":["post-9","page","type-page","status-publish","hentry"],"_links":{"self":[{"href":"https:\/\/estrategiaviral.com\/index.php\/wp-json\/wp\/v2\/pages\/9","targetHints":{"allow":["GET"]}}],"collection":[{"href":"https:\/\/estrategiaviral.com\/index.php\/wp-json\/wp\/v2\/pages"}],"about":[{"href":"https:\/\/estrategiaviral.com\/index.php\/wp-json\/wp\/v2\/types\/page"}],"author":[{"embeddable":true,"href":"https:\/\/estrategiaviral.com\/index.php\/wp-json\/wp\/v2\/users\/1"}],"replies":[{"embeddable":true,"href":"https:\/\/estrategiaviral.com\/index.php\/wp-json\/wp\/v2\/comments?post=9"}],"version-history":[{"count":233,"href":"https:\/\/estrategiaviral.com\/index.php\/wp-json\/wp\/v2\/pages\/9\/revisions"}],"predecessor-version":[{"id":2090,"href":"https:\/\/estrategiaviral.com\/index.php\/wp-json\/wp\/v2\/pages\/9\/revisions\/2090"}],"wp:attachment":[{"href":"https:\/\/estrategiaviral.com\/index.php\/wp-json\/wp\/v2\/media?parent=9"}],"curies":[{"name":"wp","href":"https:\/\/api.w.org\/{rel}","templated":true}]}}