{"id":1856,"date":"2024-03-28T10:46:37","date_gmt":"2024-03-28T10:46:37","guid":{"rendered":"https:\/\/estrategiaviral.com\/?page_id=1856"},"modified":"2024-04-19T18:10:01","modified_gmt":"2024-04-19T18:10:01","slug":"e-mail-marketing","status":"publish","type":"page","link":"https:\/\/estrategiaviral.com\/index.php\/e-mail-marketing\/","title":{"rendered":"E-mail-marketing"},"content":{"rendered":"\t\t<div data-elementor-type=\"wp-page\" data-elementor-id=\"1856\" class=\"elementor elementor-1856\" data-elementor-post-type=\"page\">\n\t\t\t\t<div class=\"elementor-element elementor-element-16909a6 e-con-full e-flex e-con e-parent\" data-id=\"16909a6\" data-element_type=\"container\" data-settings=\"{&quot;background_background&quot;:&quot;classic&quot;}\" data-core-v316-plus=\"true\">\n\t\t<div class=\"elementor-element elementor-element-ea0f38e e-con-full e-flex e-con e-child\" data-id=\"ea0f38e\" data-element_type=\"container\">\n\t\t\t\t<div class=\"elementor-element elementor-element-bfd8ea8 elementor-widget elementor-widget-image\" data-id=\"bfd8ea8\" data-element_type=\"widget\" data-widget_type=\"image.default\">\n\t\t\t\t<div class=\"elementor-widget-container\">\n\t\t\t<style>\/*! elementor - v3.20.0 - 20-03-2024 *\/\n.elementor-widget-image{text-align:center}.elementor-widget-image a{display:inline-block}.elementor-widget-image a img[src$=\".svg\"]{width:48px}.elementor-widget-image img{vertical-align:middle;display:inline-block}<\/style>\t\t\t\t\t\t\t\t\t\t<img fetchpriority=\"high\" decoding=\"async\" width=\"512\" height=\"303\" src=\"https:\/\/estrategiaviral.com\/wp-content\/uploads\/2024\/03\/Recurso-63-512x303-1.png\" class=\"attachment-full size-full wp-image-1858\" alt=\"\" srcset=\"https:\/\/estrategiaviral.com\/wp-content\/uploads\/2024\/03\/Recurso-63-512x303-1.png 512w, https:\/\/estrategiaviral.com\/wp-content\/uploads\/2024\/03\/Recurso-63-512x303-1-300x178.png 300w\" sizes=\"(max-width: 512px) 100vw, 512px\" \/>\t\t\t\t\t\t\t\t\t\t\t\t\t<\/div>\n\t\t\t\t<\/div>\n\t\t\t\t<\/div>\n\t\t<div class=\"elementor-element elementor-element-2a5cdaf e-con-full e-flex e-con e-child\" data-id=\"2a5cdaf\" data-element_type=\"container\">\n\t\t\t\t<div class=\"elementor-element elementor-element-5499998 elementor-widget elementor-widget-heading\" data-id=\"5499998\" data-element_type=\"widget\" data-widget_type=\"heading.default\">\n\t\t\t\t<div class=\"elementor-widget-container\">\n\t\t\t<style>\/*! elementor - v3.20.0 - 20-03-2024 *\/\n.elementor-heading-title{padding:0;margin:0;line-height:1}.elementor-widget-heading .elementor-heading-title[class*=elementor-size-]>a{color:inherit;font-size:inherit;line-height:inherit}.elementor-widget-heading .elementor-heading-title.elementor-size-small{font-size:15px}.elementor-widget-heading .elementor-heading-title.elementor-size-medium{font-size:19px}.elementor-widget-heading .elementor-heading-title.elementor-size-large{font-size:29px}.elementor-widget-heading .elementor-heading-title.elementor-size-xl{font-size:39px}.elementor-widget-heading .elementor-heading-title.elementor-size-xxl{font-size:59px}<\/style><h2 class=\"elementor-heading-title elementor-size-default\">Email Marketing<\/h2>\t\t<\/div>\n\t\t\t\t<\/div>\n\t\t\t\t<div class=\"elementor-element elementor-element-04940cf elementor-widget elementor-widget-text-editor\" data-id=\"04940cf\" data-element_type=\"widget\" data-widget_type=\"text-editor.default\">\n\t\t\t\t<div class=\"elementor-widget-container\">\n\t\t\t<style>\/*! elementor - v3.20.0 - 20-03-2024 *\/\n.elementor-widget-text-editor.elementor-drop-cap-view-stacked .elementor-drop-cap{background-color:#69727d;color:#fff}.elementor-widget-text-editor.elementor-drop-cap-view-framed .elementor-drop-cap{color:#69727d;border:3px solid;background-color:transparent}.elementor-widget-text-editor:not(.elementor-drop-cap-view-default) .elementor-drop-cap{margin-top:8px}.elementor-widget-text-editor:not(.elementor-drop-cap-view-default) .elementor-drop-cap-letter{width:1em;height:1em}.elementor-widget-text-editor .elementor-drop-cap{float:left;text-align:center;line-height:1;font-size:50px}.elementor-widget-text-editor .elementor-drop-cap-letter{display:inline-block}<\/style>\t\t\t\t<p>\u00bfSab\u00edas que existen 3 veces m\u00e1s cuentas de email que de Facebook o Twitter? \u00bfsab\u00edas que es seis veces m\u00e1s probable obtener clicks desde tus campa\u00f1as de email Marketing que desde Twitter?. Est\u00e1 comprobado que el el email marketing tiene el mayor retorno de la inversi\u00f3n (ROI) que cualquiera de los canales de marketing digital disponibles.<\/p><p>Con todos estos datos en mente, est\u00e1 claro que hacer un buen uso de esta herramienta puede traer grandes resultados a tu negocio, y mantener toda la estrategia digital alienada puede incrementar tus ingresos reduciendo tus costos.<\/p>\t\t\t\t\t\t<\/div>\n\t\t\t\t<\/div>\n\t\t\t\t<\/div>\n\t\t\t\t<\/div>\n\t\t<div class=\"elementor-element elementor-element-2f321bb e-con-full e-flex e-con e-parent\" data-id=\"2f321bb\" data-element_type=\"container\" data-settings=\"{&quot;background_background&quot;:&quot;classic&quot;}\" data-core-v316-plus=\"true\">\n\t\t\t\t<\/div>\n\t\t<div class=\"elementor-element elementor-element-464bb3d e-con-full e-flex e-con e-parent\" data-id=\"464bb3d\" data-element_type=\"container\" data-settings=\"{&quot;background_background&quot;:&quot;classic&quot;}\" data-core-v316-plus=\"true\">\n\t\t<div class=\"elementor-element elementor-element-f53b743 e-con-full e-flex e-con e-child\" data-id=\"f53b743\" data-element_type=\"container\">\n\t\t\t\t<div class=\"elementor-element elementor-element-7a073c7 elementor-widget elementor-widget-text-editor\" data-id=\"7a073c7\" data-element_type=\"widget\" data-widget_type=\"text-editor.default\">\n\t\t\t\t<div class=\"elementor-widget-container\">\n\t\t\t\t\t\t\tMantenemos a tus clientes interesados en tu marca y hacemos que ellos la identifiquen como una marca en continuo proceso de evoluci\u00f3n. Los newsletter como campa\u00f1as de email Marketing nos permiten llegar a los usuarios correctos con el mensaje preciso \t\t\t\t\t\t<\/div>\n\t\t\t\t<\/div>\n\t\t\t\t<\/div>\n\t\t<div class=\"elementor-element elementor-element-e0b6e65 e-con-full e-flex e-con e-child\" data-id=\"e0b6e65\" data-element_type=\"container\">\n\t\t\t\t<div class=\"elementor-element elementor-element-9a0dbd7 elementor-widget elementor-widget-text-editor\" data-id=\"9a0dbd7\" data-element_type=\"widget\" data-widget_type=\"text-editor.default\">\n\t\t\t\t<div class=\"elementor-widget-container\">\n\t\t\t\t\t\t\tTrabajamos con la ayuda de plataformas que permiten identificar a nuestros usuarios para impactarlos con campa\u00f1as seg\u00fan el estatus de su &#8220;viaje de cliente&#8221;, para aportarles valor y mejorar las conversiones\n\t\t\t\t\t\t<\/div>\n\t\t\t\t<\/div>\n\t\t\t\t<\/div>\n\t\t<div class=\"elementor-element elementor-element-dd00050 e-con-full e-flex e-con e-child\" data-id=\"dd00050\" data-element_type=\"container\">\n\t\t\t\t<div class=\"elementor-element elementor-element-616fe63 elementor-widget elementor-widget-text-editor\" data-id=\"616fe63\" data-element_type=\"widget\" data-widget_type=\"text-editor.default\">\n\t\t\t\t<div class=\"elementor-widget-container\">\n\t\t\t\t\t\t\tCon los resultados obtenidos de nuestras campa\u00f1as entendemos mejor a nuestros usuarios, y estamos en capacidades de ofrecerle la respuestas a sus necesidades. Los an\u00e1lisis de email Marketing son claves para descifrar el comportamiento de nuestros usuarios\t\t\t\t\t\t<\/div>\n\t\t\t\t<\/div>\n\t\t\t\t<\/div>\n\t\t\t\t<\/div>\n\t\t<div class=\"elementor-element elementor-element-47223a0 e-flex e-con-boxed e-con e-parent\" data-id=\"47223a0\" data-element_type=\"container\" data-core-v316-plus=\"true\">\n\t\t\t\t\t<div class=\"e-con-inner\">\n\t\t\t\t<div class=\"elementor-element elementor-element-c1dec31 elementor-align-center elementor-widget elementor-widget-button\" data-id=\"c1dec31\" data-element_type=\"widget\" data-widget_type=\"button.default\">\n\t\t\t\t<div class=\"elementor-widget-container\">\n\t\t\t\t\t<div class=\"elementor-button-wrapper\">\n\t\t\t<a class=\"elementor-button elementor-button-link elementor-size-sm\" href=\"#elementor-action%3Aaction%3Dpopup%3Aopen%26settings%3DeyJpZCI6IjE3MjkiLCJ0b2dnbGUiOmZhbHNlfQ%3D%3D\">\n\t\t\t\t\t\t<span class=\"elementor-button-content-wrapper\">\n\t\t\t\t\t\t<span class=\"elementor-button-text\">Cotizar plan de Marketing Digital<\/span>\n\t\t<\/span>\n\t\t\t\t\t<\/a>\n\t\t<\/div>\n\t\t\t\t<\/div>\n\t\t\t\t<\/div>\n\t\t\t\t\t<\/div>\n\t\t\t\t<\/div>\n\t\t<div class=\"elementor-element elementor-element-755bbca e-con-full e-flex e-con e-parent\" data-id=\"755bbca\" data-element_type=\"container\" data-settings=\"{&quot;background_background&quot;:&quot;classic&quot;}\" data-core-v316-plus=\"true\">\n\t\t\t\t<div class=\"elementor-element elementor-element-8e9373d elementor-align-center elementor-widget elementor-widget-button\" data-id=\"8e9373d\" data-element_type=\"widget\" data-widget_type=\"button.default\">\n\t\t\t\t<div class=\"elementor-widget-container\">\n\t\t\t\t\t<div class=\"elementor-button-wrapper\">\n\t\t\t<a class=\"elementor-button elementor-button-link elementor-size-sm\" href=\"#elementor-action%3Aaction%3Dpopup%3Aopen%26settings%3DeyJpZCI6IjE3MjkiLCJ0b2dnbGUiOmZhbHNlfQ%3D%3D\">\n\t\t\t\t\t\t<span class=\"elementor-button-content-wrapper\">\n\t\t\t\t\t\t<span class=\"elementor-button-text\">Cont\u00e1ctanos<\/span>\n\t\t<\/span>\n\t\t\t\t\t<\/a>\n\t\t<\/div>\n\t\t\t\t<\/div>\n\t\t\t\t<\/div>\n\t\t\t\t<\/div>\n\t\t<div class=\"elementor-element elementor-element-0071433 e-con-full e-flex e-con e-parent\" data-id=\"0071433\" data-element_type=\"container\" data-settings=\"{&quot;background_background&quot;:&quot;classic&quot;}\" data-core-v316-plus=\"true\">\n\t\t\t\t<div class=\"elementor-element elementor-element-d4614d8 elementor-widget elementor-widget-heading\" data-id=\"d4614d8\" data-element_type=\"widget\" data-widget_type=\"heading.default\">\n\t\t\t\t<div class=\"elementor-widget-container\">\n\t\t\t<h2 class=\"elementor-heading-title elementor-size-default\">E-mail Marketing, m\u00e1s vigente que nunca<\/h2>\t\t<\/div>\n\t\t\t\t<\/div>\n\t\t\t\t<\/div>\n\t\t<div class=\"elementor-element elementor-element-7c144c9 e-con-full e-flex e-con e-parent\" data-id=\"7c144c9\" data-element_type=\"container\" data-settings=\"{&quot;background_background&quot;:&quot;classic&quot;}\" data-core-v316-plus=\"true\">\n\t\t<div class=\"elementor-element elementor-element-af46c83 e-con-full e-flex e-con e-child\" data-id=\"af46c83\" data-element_type=\"container\">\n\t\t\t\t<div class=\"elementor-element elementor-element-a65ea0e elementor-widget elementor-widget-text-editor\" data-id=\"a65ea0e\" data-element_type=\"widget\" data-widget_type=\"text-editor.default\">\n\t\t\t\t<div class=\"elementor-widget-container\">\n\t\t\t\t\t\t\tDurante algunos a\u00f1os, algunos analistas y profesionales del marketing se atrevieron a asegurar que el email marketing se extinguir\u00eda, sobre todo con la entrada al mercado de las plataformas sociales como Facebook o Twitter. Sin embargo, nada est\u00e1 m\u00e1s lejos de la realidad, el email como canal para el marketing sigue muy vigente, tanto as\u00ed, que existen 251 software para email marketing a 2016. \n\t\t\t\t\t\t<\/div>\n\t\t\t\t<\/div>\n\t\t\t\t<\/div>\n\t\t<div class=\"elementor-element elementor-element-56a5eeb e-con-full e-flex e-con e-child\" data-id=\"56a5eeb\" data-element_type=\"container\">\n\t\t\t\t<\/div>\n\t\t\t\t<\/div>\n\t\t<div class=\"elementor-element elementor-element-f5d4e4a e-flex e-con-boxed e-con e-parent\" data-id=\"f5d4e4a\" data-element_type=\"container\" data-settings=\"{&quot;background_background&quot;:&quot;classic&quot;}\" data-core-v316-plus=\"true\">\n\t\t\t\t\t<div class=\"e-con-inner\">\n\t\t\t\t<div class=\"elementor-element elementor-element-c70f5a2 elementor-position-top elementor-widget elementor-widget-image-box\" data-id=\"c70f5a2\" data-element_type=\"widget\" data-widget_type=\"image-box.default\">\n\t\t\t\t<div class=\"elementor-widget-container\">\n\t\t\t<style>\/*! elementor - v3.20.0 - 20-03-2024 *\/\n.elementor-widget-image-box .elementor-image-box-content{width:100%}@media (min-width:768px){.elementor-widget-image-box.elementor-position-left .elementor-image-box-wrapper,.elementor-widget-image-box.elementor-position-right .elementor-image-box-wrapper{display:flex}.elementor-widget-image-box.elementor-position-right .elementor-image-box-wrapper{text-align:right;flex-direction:row-reverse}.elementor-widget-image-box.elementor-position-left .elementor-image-box-wrapper{text-align:left;flex-direction:row}.elementor-widget-image-box.elementor-position-top .elementor-image-box-img{margin:auto}.elementor-widget-image-box.elementor-vertical-align-top .elementor-image-box-wrapper{align-items:flex-start}.elementor-widget-image-box.elementor-vertical-align-middle .elementor-image-box-wrapper{align-items:center}.elementor-widget-image-box.elementor-vertical-align-bottom .elementor-image-box-wrapper{align-items:flex-end}}@media (max-width:767px){.elementor-widget-image-box .elementor-image-box-img{margin-left:auto!important;margin-right:auto!important;margin-bottom:15px}}.elementor-widget-image-box .elementor-image-box-img{display:inline-block}.elementor-widget-image-box .elementor-image-box-title a{color:inherit}.elementor-widget-image-box .elementor-image-box-wrapper{text-align:center}.elementor-widget-image-box .elementor-image-box-description{margin:0}<\/style><div class=\"elementor-image-box-wrapper\"><figure class=\"elementor-image-box-img\"><img decoding=\"async\" width=\"98\" height=\"101\" src=\"https:\/\/estrategiaviral.com\/wp-content\/uploads\/2024\/03\/Recurso-67-1.png\" class=\"attachment-full size-full wp-image-1892\" alt=\"\" \/><\/figure><div class=\"elementor-image-box-content\"><h3 class=\"elementor-image-box-title\">Impactando con e-mail Marketing <\/h3><\/div><\/div>\t\t<\/div>\n\t\t\t\t<\/div>\n\t\t\t\t<div class=\"elementor-element elementor-element-e0dbbda elementor-widget elementor-widget-text-editor\" data-id=\"e0dbbda\" data-element_type=\"widget\" data-widget_type=\"text-editor.default\">\n\t\t\t\t<div class=\"elementor-widget-container\">\n\t\t\t\t\t\t\t<p>Existen m\u00e1s de 3.2 billones de cuentas de email, 95% de consumidores online usan el email y el 91% lo revisa al menos una vez al d\u00eda. Por supuesto que para hablar de efectividad de campa\u00f1as de email Marketing tenemos que tener una buena base de datos correctamente segmentada, as\u00ed que uno de los puntos importantes es, precisamente, obtener esta base de datos.<\/p><p>Combinamos varias estrategias de marketing digital que nos permiten hacer crecer las listas de email de clientes, y una vez que tenemos una lista suficientemente grande y segmentada, empezamos el proceso de creaci\u00f3n de campa\u00f1as de email Marketing.<\/p>\t\t\t\t\t\t<\/div>\n\t\t\t\t<\/div>\n\t\t\t\t\t<\/div>\n\t\t\t\t<\/div>\n\t\t\t\t<\/div>\n\t\t","protected":false},"excerpt":{"rendered":"<p>Email Marketing \u00bfSab\u00edas que existen 3 veces m\u00e1s cuentas de email que de Facebook o Twitter? \u00bfsab\u00edas que es seis veces m\u00e1s probable obtener clicks desde tus campa\u00f1as de email Marketing que desde Twitter?. Est\u00e1 comprobado que el el email marketing tiene el mayor retorno de la inversi\u00f3n (ROI) que cualquiera de los canales de [&hellip;]<\/p>\n","protected":false},"author":1,"featured_media":0,"parent":0,"menu_order":0,"comment_status":"closed","ping_status":"closed","template":"","meta":{"inline_featured_image":false,"footnotes":""},"class_list":["post-1856","page","type-page","status-publish","hentry"],"_links":{"self":[{"href":"https:\/\/estrategiaviral.com\/index.php\/wp-json\/wp\/v2\/pages\/1856","targetHints":{"allow":["GET"]}}],"collection":[{"href":"https:\/\/estrategiaviral.com\/index.php\/wp-json\/wp\/v2\/pages"}],"about":[{"href":"https:\/\/estrategiaviral.com\/index.php\/wp-json\/wp\/v2\/types\/page"}],"author":[{"embeddable":true,"href":"https:\/\/estrategiaviral.com\/index.php\/wp-json\/wp\/v2\/users\/1"}],"replies":[{"embeddable":true,"href":"https:\/\/estrategiaviral.com\/index.php\/wp-json\/wp\/v2\/comments?post=1856"}],"version-history":[{"count":37,"href":"https:\/\/estrategiaviral.com\/index.php\/wp-json\/wp\/v2\/pages\/1856\/revisions"}],"predecessor-version":[{"id":2080,"href":"https:\/\/estrategiaviral.com\/index.php\/wp-json\/wp\/v2\/pages\/1856\/revisions\/2080"}],"wp:attachment":[{"href":"https:\/\/estrategiaviral.com\/index.php\/wp-json\/wp\/v2\/media?parent=1856"}],"curies":[{"name":"wp","href":"https:\/\/api.w.org\/{rel}","templated":true}]}}