{"id":1021,"date":"2024-03-27T13:02:54","date_gmt":"2024-03-27T13:02:54","guid":{"rendered":"https:\/\/estrategiaviral.com\/?page_id=1021"},"modified":"2024-04-28T18:03:32","modified_gmt":"2024-04-28T18:03:32","slug":"campanas-digitales","status":"publish","type":"page","link":"https:\/\/estrategiaviral.com\/index.php\/campanas-digitales\/","title":{"rendered":"CAMPA\u00d1AS DIGITALES"},"content":{"rendered":"\t\t<div data-elementor-type=\"wp-page\" data-elementor-id=\"1021\" class=\"elementor elementor-1021\" data-elementor-post-type=\"page\">\n\t\t\t\t<div class=\"elementor-element elementor-element-21bb25b e-con-full e-flex e-con e-parent\" data-id=\"21bb25b\" data-element_type=\"container\" data-settings=\"{&quot;background_background&quot;:&quot;classic&quot;}\" data-core-v316-plus=\"true\">\n\t\t<div class=\"elementor-element elementor-element-d3f8f4f e-con-full e-flex e-con e-child\" data-id=\"d3f8f4f\" data-element_type=\"container\">\n\t\t\t\t<div class=\"elementor-element elementor-element-55aa254 elementor-widget elementor-widget-image\" data-id=\"55aa254\" data-element_type=\"widget\" data-widget_type=\"image.default\">\n\t\t\t\t<div class=\"elementor-widget-container\">\n\t\t\t<style>\/*! elementor - v3.20.0 - 20-03-2024 *\/\n.elementor-widget-image{text-align:center}.elementor-widget-image a{display:inline-block}.elementor-widget-image a img[src$=\".svg\"]{width:48px}.elementor-widget-image img{vertical-align:middle;display:inline-block}<\/style>\t\t\t\t\t\t\t\t\t\t<img fetchpriority=\"high\" decoding=\"async\" width=\"589\" height=\"261\" src=\"https:\/\/estrategiaviral.com\/wp-content\/uploads\/2024\/03\/Recurso-68.png\" class=\"attachment-full size-full wp-image-1032\" alt=\"\" srcset=\"https:\/\/estrategiaviral.com\/wp-content\/uploads\/2024\/03\/Recurso-68.png 589w, https:\/\/estrategiaviral.com\/wp-content\/uploads\/2024\/03\/Recurso-68-300x133.png 300w\" sizes=\"(max-width: 589px) 100vw, 589px\" \/>\t\t\t\t\t\t\t\t\t\t\t\t\t<\/div>\n\t\t\t\t<\/div>\n\t\t\t\t<\/div>\n\t\t<div class=\"elementor-element elementor-element-af859c5 e-con-full e-flex e-con e-child\" data-id=\"af859c5\" data-element_type=\"container\">\n\t\t\t\t<div class=\"elementor-element elementor-element-c58dfc7 elementor-widget elementor-widget-heading\" data-id=\"c58dfc7\" data-element_type=\"widget\" data-widget_type=\"heading.default\">\n\t\t\t\t<div class=\"elementor-widget-container\">\n\t\t\t<style>\/*! elementor - v3.20.0 - 20-03-2024 *\/\n.elementor-heading-title{padding:0;margin:0;line-height:1}.elementor-widget-heading .elementor-heading-title[class*=elementor-size-]>a{color:inherit;font-size:inherit;line-height:inherit}.elementor-widget-heading .elementor-heading-title.elementor-size-small{font-size:15px}.elementor-widget-heading .elementor-heading-title.elementor-size-medium{font-size:19px}.elementor-widget-heading .elementor-heading-title.elementor-size-large{font-size:29px}.elementor-widget-heading .elementor-heading-title.elementor-size-xl{font-size:39px}.elementor-widget-heading .elementor-heading-title.elementor-size-xxl{font-size:59px}<\/style><h2 class=\"elementor-heading-title elementor-size-default\">Anuncios de marketing online efectivos<\/h2>\t\t<\/div>\n\t\t\t\t<\/div>\n\t\t\t\t<div class=\"elementor-element elementor-element-52109a7 elementor-widget elementor-widget-text-editor\" data-id=\"52109a7\" data-element_type=\"widget\" data-widget_type=\"text-editor.default\">\n\t\t\t\t<div class=\"elementor-widget-container\">\n\t\t\t<style>\/*! elementor - v3.20.0 - 20-03-2024 *\/\n.elementor-widget-text-editor.elementor-drop-cap-view-stacked .elementor-drop-cap{background-color:#69727d;color:#fff}.elementor-widget-text-editor.elementor-drop-cap-view-framed .elementor-drop-cap{color:#69727d;border:3px solid;background-color:transparent}.elementor-widget-text-editor:not(.elementor-drop-cap-view-default) .elementor-drop-cap{margin-top:8px}.elementor-widget-text-editor:not(.elementor-drop-cap-view-default) .elementor-drop-cap-letter{width:1em;height:1em}.elementor-widget-text-editor .elementor-drop-cap{float:left;text-align:center;line-height:1;font-size:50px}.elementor-widget-text-editor .elementor-drop-cap-letter{display:inline-block}<\/style>\t\t\t\t<p>La realidad digital de esta era demuestra que la<strong> persona promedio gasta m\u00e1s tiempo navegando por internet<\/strong> que viendo TV, leyendo revistas o la prensa, demostrando que la publicidad online es uno de los mejores medios para alcanzar a nuestros clientes potenciales.<\/p><p>Al tener un presupuesto destinado para anuncios de marketing online las empresas actuales tienen la capacidad de llegar a muchos m\u00e1s clientes potenciales, <strong>segmentando sus anuncios para que sean m\u00e1s eficaces y econ\u00f3micos. Los anuncios de marketing online son mucho m\u00e1s econ\u00f3micos<\/strong> que los anuncios de publicidad tradicional.<\/p>\t\t\t\t\t\t<\/div>\n\t\t\t\t<\/div>\n\t\t\t\t<\/div>\n\t\t\t\t<\/div>\n\t\t<div class=\"elementor-element elementor-element-b025284 e-con-full e-flex e-con e-parent\" data-id=\"b025284\" data-element_type=\"container\" data-settings=\"{&quot;background_background&quot;:&quot;classic&quot;}\" data-core-v316-plus=\"true\">\n\t\t\t\t<\/div>\n\t\t<div class=\"elementor-element elementor-element-4f1fb80 e-con-full e-flex e-con e-parent\" data-id=\"4f1fb80\" data-element_type=\"container\" data-settings=\"{&quot;background_background&quot;:&quot;classic&quot;}\" data-core-v316-plus=\"true\">\n\t\t<div class=\"elementor-element elementor-element-785b44e e-con-full e-flex e-con e-child\" data-id=\"785b44e\" data-element_type=\"container\">\n\t\t\t\t<div class=\"elementor-element elementor-element-385859b elementor-widget elementor-widget-text-editor\" data-id=\"385859b\" data-element_type=\"widget\" data-widget_type=\"text-editor.default\">\n\t\t\t\t<div class=\"elementor-widget-container\">\n\t\t\t\t\t\t\tGoogle como buscador cuenta con m\u00e1s de 100 billones de b\u00fasquedas al mes, as\u00ed que pautar en esta plataforma es parte indispensable en una buena campa\u00f1a de marketing online. Puedes llegar a tus usuarios a trav\u00e9s de campa\u00f1as en la red de b\u00fasqueda o mostrar &#8220;banners&#8221; en la red de asociados de Google.\t\t\t\t\t\t<\/div>\n\t\t\t\t<\/div>\n\t\t\t\t<\/div>\n\t\t<div class=\"elementor-element elementor-element-65917d8 e-con-full e-flex e-con e-child\" data-id=\"65917d8\" data-element_type=\"container\">\n\t\t\t\t<div class=\"elementor-element elementor-element-bfa33aa elementor-widget elementor-widget-text-editor\" data-id=\"bfa33aa\" data-element_type=\"widget\" data-widget_type=\"text-editor.default\">\n\t\t\t\t<div class=\"elementor-widget-container\">\n\t\t\t\t\t\t\tEl marketing en Facebook e Instagram se trata de la creaci\u00f3n de piezas publicitarias que cuentan con un presupuesto para mostrar anuncios a los usuarios. Facebook cuenta con m\u00e1s de 2 Billones de usuarios que utilizan la plataforma al menos una vez al d\u00eda e Instagram la que ha ganado m\u00e1s popularidad en los \u00faltimos a\u00f1os.\n\t\t\t\t\t\t<\/div>\n\t\t\t\t<\/div>\n\t\t\t\t<\/div>\n\t\t<div class=\"elementor-element elementor-element-f8f34f9 e-con-full e-flex e-con e-child\" data-id=\"f8f34f9\" data-element_type=\"container\">\n\t\t\t\t<div class=\"elementor-element elementor-element-0943120 elementor-widget elementor-widget-text-editor\" data-id=\"0943120\" data-element_type=\"widget\" data-widget_type=\"text-editor.default\">\n\t\t\t\t<div class=\"elementor-widget-container\">\n\t\t\t\t\t\t\tAunque Google y Facebook sean tan populares, esto no quiere decir que tu empresa deber\u00eda estar pautando en ellas. Existen otras redes que ofrecen anuncios de marketing online como Twitter y LinkedIn, y dependiendo de tus objetivos, tu p\u00fablico, y de su comportamiento digital, tambi\u00e9n puedes aprovecharlas para tus campa\u00f1as de marketing digital.\t\t\t\t\t\t<\/div>\n\t\t\t\t<\/div>\n\t\t\t\t<\/div>\n\t\t\t\t<\/div>\n\t\t<div class=\"elementor-element elementor-element-3a860dd e-con-full e-flex e-con e-parent\" data-id=\"3a860dd\" data-element_type=\"container\" data-settings=\"{&quot;background_background&quot;:&quot;classic&quot;}\" data-core-v316-plus=\"true\">\n\t\t\t\t<div class=\"elementor-element elementor-element-227ce84 elementor-align-center elementor-widget elementor-widget-button\" data-id=\"227ce84\" data-element_type=\"widget\" data-widget_type=\"button.default\">\n\t\t\t\t<div class=\"elementor-widget-container\">\n\t\t\t\t\t<div class=\"elementor-button-wrapper\">\n\t\t\t<a class=\"elementor-button elementor-button-link elementor-size-sm\" href=\"#elementor-action%3Aaction%3Dpopup%3Aopen%26settings%3DeyJpZCI6IjE3MjkiLCJ0b2dnbGUiOmZhbHNlfQ%3D%3D\">\n\t\t\t\t\t\t<span class=\"elementor-button-content-wrapper\">\n\t\t\t\t\t\t<span class=\"elementor-button-text\">Cont\u00e1ctanos<\/span>\n\t\t<\/span>\n\t\t\t\t\t<\/a>\n\t\t<\/div>\n\t\t\t\t<\/div>\n\t\t\t\t<\/div>\n\t\t\t\t<\/div>\n\t\t<div class=\"elementor-element elementor-element-95fd171 e-con-full e-flex e-con e-parent\" data-id=\"95fd171\" data-element_type=\"container\" data-settings=\"{&quot;background_background&quot;:&quot;classic&quot;}\" data-core-v316-plus=\"true\">\n\t\t\t\t<div class=\"elementor-element elementor-element-8ff689d elementor-widget elementor-widget-heading\" data-id=\"8ff689d\" data-element_type=\"widget\" data-widget_type=\"heading.default\">\n\t\t\t\t<div class=\"elementor-widget-container\">\n\t\t\t<h2 class=\"elementor-heading-title elementor-size-default\">Los anuncios de publicidad on-line para peque\u00f1as y medianas empresas<\/h2>\t\t<\/div>\n\t\t\t\t<\/div>\n\t\t\t\t<\/div>\n\t\t<div class=\"elementor-element elementor-element-b61fe20 e-con-full e-flex e-con e-parent\" data-id=\"b61fe20\" data-element_type=\"container\" data-settings=\"{&quot;background_background&quot;:&quot;classic&quot;}\" data-core-v316-plus=\"true\">\n\t\t<div class=\"elementor-element elementor-element-c942d28 e-con-full e-flex e-con e-child\" data-id=\"c942d28\" data-element_type=\"container\">\n\t\t\t\t<div class=\"elementor-element elementor-element-2c10d6a elementor-widget elementor-widget-text-editor\" data-id=\"2c10d6a\" data-element_type=\"widget\" data-widget_type=\"text-editor.default\">\n\t\t\t\t<div class=\"elementor-widget-container\">\n\t\t\t\t\t\t\t<p>En el a\u00f1o 2000 Google introdujo su incre\u00edble modelo de negocio: Adwords, que te permite pagar por publicidad digital usando la plataforma de b\u00fasqueda m\u00e1s popular del mundo, mientras para Facebook la historia ha sido diferente, y su modelo de anuncios entr\u00f3 en vigencia a partir del 2008 cuando aparecieron las primeras p\u00e1ginas de perfiles empresariales.<\/p><p>A partir de estos acontecimientos, los peque\u00f1os empresarios han tenido la oportunidad de anunciarse a un costo prudente con resultados sorprendentes. A esta tendencia han seguido sum\u00e1ndose otras plataformas, como Twitter y LinkedIn, que d\u00eda a d\u00eda ganan adeptos. Ahora es el momento de llegar a m\u00e1s clientes potenciales a un costo muy competitivo.<\/p>\t\t\t\t\t\t<\/div>\n\t\t\t\t<\/div>\n\t\t\t\t<\/div>\n\t\t<div class=\"elementor-element elementor-element-a7f66e8 e-con-full e-flex e-con e-child\" data-id=\"a7f66e8\" data-element_type=\"container\">\n\t\t\t\t<\/div>\n\t\t\t\t<\/div>\n\t\t<div class=\"elementor-element elementor-element-c215e0f e-flex e-con-boxed e-con e-parent\" data-id=\"c215e0f\" data-element_type=\"container\" data-settings=\"{&quot;background_background&quot;:&quot;classic&quot;}\" data-core-v316-plus=\"true\">\n\t\t\t\t\t<div class=\"e-con-inner\">\n\t\t\t\t<div class=\"elementor-element elementor-element-a5f58b5 elementor-position-top elementor-widget elementor-widget-image-box\" data-id=\"a5f58b5\" data-element_type=\"widget\" data-widget_type=\"image-box.default\">\n\t\t\t\t<div class=\"elementor-widget-container\">\n\t\t\t<style>\/*! elementor - v3.20.0 - 20-03-2024 *\/\n.elementor-widget-image-box .elementor-image-box-content{width:100%}@media (min-width:768px){.elementor-widget-image-box.elementor-position-left .elementor-image-box-wrapper,.elementor-widget-image-box.elementor-position-right .elementor-image-box-wrapper{display:flex}.elementor-widget-image-box.elementor-position-right .elementor-image-box-wrapper{text-align:right;flex-direction:row-reverse}.elementor-widget-image-box.elementor-position-left .elementor-image-box-wrapper{text-align:left;flex-direction:row}.elementor-widget-image-box.elementor-position-top .elementor-image-box-img{margin:auto}.elementor-widget-image-box.elementor-vertical-align-top .elementor-image-box-wrapper{align-items:flex-start}.elementor-widget-image-box.elementor-vertical-align-middle .elementor-image-box-wrapper{align-items:center}.elementor-widget-image-box.elementor-vertical-align-bottom .elementor-image-box-wrapper{align-items:flex-end}}@media (max-width:767px){.elementor-widget-image-box .elementor-image-box-img{margin-left:auto!important;margin-right:auto!important;margin-bottom:15px}}.elementor-widget-image-box .elementor-image-box-img{display:inline-block}.elementor-widget-image-box .elementor-image-box-title a{color:inherit}.elementor-widget-image-box .elementor-image-box-wrapper{text-align:center}.elementor-widget-image-box .elementor-image-box-description{margin:0}<\/style><div class=\"elementor-image-box-wrapper\"><figure class=\"elementor-image-box-img\"><img decoding=\"async\" width=\"103\" height=\"101\" src=\"https:\/\/estrategiaviral.com\/wp-content\/uploads\/2024\/03\/Recurso-72-1.png\" class=\"attachment-full size-full wp-image-1719\" alt=\"\" \/><\/figure><div class=\"elementor-image-box-content\"><h3 class=\"elementor-image-box-title\">\u00bfD\u00f3nde debe anunciarse mi empresa?<\/h3><\/div><\/div>\t\t<\/div>\n\t\t\t\t<\/div>\n\t\t\t\t<div class=\"elementor-element elementor-element-a7993d8 elementor-widget elementor-widget-text-editor\" data-id=\"a7993d8\" data-element_type=\"widget\" data-widget_type=\"text-editor.default\">\n\t\t\t\t<div class=\"elementor-widget-container\">\n\t\t\t\t\t\t\t<p>Si tienes destinado un presupuesto para anuncios de marketing online puedes escoger entre red de b\u00fasqueda en Google, Facebook ADS o Instagram, red de display de partners de Google, LinkedIn Ads, o Bing, Twitter, Youtube, entre muchas otras pero, <strong>\u00bfd\u00f3nde deber\u00edas destinar tu presupuesto para obtener el mejor ROI?<\/strong><\/p><p>Si bien los n\u00fameros acompa\u00f1an a cada una de las plataformas de publicidad on-line no todas son la mejor opci\u00f3n para tu negocio, y por supuesto, no todas tendr\u00e1n el mismo desempe\u00f1o frente a tus objetivos.<\/p><p>Primero deber\u00e1s analizar qu\u00e9 plataforma es en la que tus clientes potenciales se mueven seg\u00fan sus intereses, y <strong>en cu\u00e1l de ellas estar\u00e1n dispuestos a generar acciones de compra.<\/strong> El \u00e9xito de tu campa\u00f1a de marketing digital va a residir en gran parte en escoger el mejor canal para llevarla a cabo, y esto es lo que podemos hacer por ti!<\/p>\t\t\t\t\t\t<\/div>\n\t\t\t\t<\/div>\n\t\t\t\t\t<\/div>\n\t\t\t\t<\/div>\n\t\t\t\t<\/div>\n\t\t","protected":false},"excerpt":{"rendered":"<p>Anuncios de marketing online efectivos La realidad digital de esta era demuestra que la persona promedio gasta m\u00e1s tiempo navegando por internet que viendo TV, leyendo revistas o la prensa, demostrando que la publicidad online es uno de los mejores medios para alcanzar a nuestros clientes potenciales. Al tener un presupuesto destinado para anuncios de [&hellip;]<\/p>\n","protected":false},"author":1,"featured_media":0,"parent":0,"menu_order":0,"comment_status":"closed","ping_status":"closed","template":"","meta":{"inline_featured_image":false,"footnotes":""},"class_list":["post-1021","page","type-page","status-publish","hentry"],"_links":{"self":[{"href":"https:\/\/estrategiaviral.com\/index.php\/wp-json\/wp\/v2\/pages\/1021","targetHints":{"allow":["GET"]}}],"collection":[{"href":"https:\/\/estrategiaviral.com\/index.php\/wp-json\/wp\/v2\/pages"}],"about":[{"href":"https:\/\/estrategiaviral.com\/index.php\/wp-json\/wp\/v2\/types\/page"}],"author":[{"embeddable":true,"href":"https:\/\/estrategiaviral.com\/index.php\/wp-json\/wp\/v2\/users\/1"}],"replies":[{"embeddable":true,"href":"https:\/\/estrategiaviral.com\/index.php\/wp-json\/wp\/v2\/comments?post=1021"}],"version-history":[{"count":91,"href":"https:\/\/estrategiaviral.com\/index.php\/wp-json\/wp\/v2\/pages\/1021\/revisions"}],"predecessor-version":[{"id":2123,"href":"https:\/\/estrategiaviral.com\/index.php\/wp-json\/wp\/v2\/pages\/1021\/revisions\/2123"}],"wp:attachment":[{"href":"https:\/\/estrategiaviral.com\/index.php\/wp-json\/wp\/v2\/media?parent=1021"}],"curies":[{"name":"wp","href":"https:\/\/api.w.org\/{rel}","templated":true}]}}