{"id":10,"date":"2024-03-26T08:02:58","date_gmt":"2024-03-26T08:02:58","guid":{"rendered":"https:\/\/estrategiaviral.com\/?page_id=10"},"modified":"2024-04-19T19:04:48","modified_gmt":"2024-04-19T19:04:48","slug":"nosotros","status":"publish","type":"page","link":"https:\/\/estrategiaviral.com\/index.php\/nosotros\/","title":{"rendered":"NOSOTROS"},"content":{"rendered":"\t\t<div data-elementor-type=\"wp-page\" data-elementor-id=\"10\" class=\"elementor elementor-10\" data-elementor-post-type=\"page\">\n\t\t\t\t<div class=\"elementor-element elementor-element-8a2ad95 e-flex e-con-boxed e-con e-parent\" data-id=\"8a2ad95\" data-element_type=\"container\" data-settings=\"{&quot;background_background&quot;:&quot;classic&quot;}\" data-core-v316-plus=\"true\">\n\t\t\t\t\t<div class=\"e-con-inner\">\n\t\t\t\t\t<\/div>\n\t\t\t\t<\/div>\n\t\t<div class=\"elementor-element elementor-element-3c931df e-flex e-con-boxed e-con e-parent\" data-id=\"3c931df\" data-element_type=\"container\" data-settings=\"{&quot;background_background&quot;:&quot;classic&quot;}\" data-core-v316-plus=\"true\">\n\t\t\t\t\t<div class=\"e-con-inner\">\n\t\t<div class=\"elementor-element elementor-element-b8c7b52 e-con-full e-flex e-con e-child\" data-id=\"b8c7b52\" data-element_type=\"container\">\n\t\t\t\t<div class=\"elementor-element elementor-element-374dee1 elementor-widget elementor-widget-heading\" data-id=\"374dee1\" data-element_type=\"widget\" data-widget_type=\"heading.default\">\n\t\t\t\t<div class=\"elementor-widget-container\">\n\t\t\t<style>\/*! elementor - v3.20.0 - 20-03-2024 *\/\n.elementor-heading-title{padding:0;margin:0;line-height:1}.elementor-widget-heading .elementor-heading-title[class*=elementor-size-]>a{color:inherit;font-size:inherit;line-height:inherit}.elementor-widget-heading .elementor-heading-title.elementor-size-small{font-size:15px}.elementor-widget-heading .elementor-heading-title.elementor-size-medium{font-size:19px}.elementor-widget-heading .elementor-heading-title.elementor-size-large{font-size:29px}.elementor-widget-heading .elementor-heading-title.elementor-size-xl{font-size:39px}.elementor-widget-heading .elementor-heading-title.elementor-size-xxl{font-size:59px}<\/style><h2 class=\"elementor-heading-title elementor-size-default\"> Un equipo humano que aporta arte, dise\u00f1o y tecnolog\u00eda<\/h2>\t\t<\/div>\n\t\t\t\t<\/div>\n\t\t\t\t<div class=\"elementor-element elementor-element-ce48ebb elementor-widget elementor-widget-text-editor\" data-id=\"ce48ebb\" data-element_type=\"widget\" data-widget_type=\"text-editor.default\">\n\t\t\t\t<div class=\"elementor-widget-container\">\n\t\t\t<style>\/*! elementor - v3.20.0 - 20-03-2024 *\/\n.elementor-widget-text-editor.elementor-drop-cap-view-stacked .elementor-drop-cap{background-color:#69727d;color:#fff}.elementor-widget-text-editor.elementor-drop-cap-view-framed .elementor-drop-cap{color:#69727d;border:3px solid;background-color:transparent}.elementor-widget-text-editor:not(.elementor-drop-cap-view-default) .elementor-drop-cap{margin-top:8px}.elementor-widget-text-editor:not(.elementor-drop-cap-view-default) .elementor-drop-cap-letter{width:1em;height:1em}.elementor-widget-text-editor .elementor-drop-cap{float:left;text-align:center;line-height:1;font-size:50px}.elementor-widget-text-editor .elementor-drop-cap-letter{display:inline-block}<\/style>\t\t\t\t<p>Los desaf\u00edos digitales se han multiplicado en los \u00faltimos a\u00f1os, ser competitivos en los medios digitales hoy en d\u00eda, puede determinar el \u00e9xito o fracaso de tu negocio.<\/p><p>Un experimentado equipo que suma a tu empresa diversos talentos creativos, art\u00edsticos, tecnol\u00f3gicos y especializados en marketing para expandir tu marca en los canales digitales m\u00e1s relevantes a tu p\u00fablico objetivo, para conseguir resultados tangibles totalmente alineados a tus objetivos comerciales.<\/p>\t\t\t\t\t\t<\/div>\n\t\t\t\t<\/div>\n\t\t\t\t<\/div>\n\t\t<div class=\"elementor-element elementor-element-2db0d44 e-con-full e-flex e-con e-child\" data-id=\"2db0d44\" data-element_type=\"container\">\n\t\t\t\t<div class=\"elementor-element elementor-element-7eca1c4 elementor-widget elementor-widget-heading\" data-id=\"7eca1c4\" data-element_type=\"widget\" data-widget_type=\"heading.default\">\n\t\t\t\t<div class=\"elementor-widget-container\">\n\t\t\t<h2 class=\"elementor-heading-title elementor-size-default\"> Apoyamos tus procesos de manera estrat\u00e9gica<\/h2>\t\t<\/div>\n\t\t\t\t<\/div>\n\t\t\t\t<div class=\"elementor-element elementor-element-6155be6 elementor-widget elementor-widget-text-editor\" data-id=\"6155be6\" data-element_type=\"widget\" data-widget_type=\"text-editor.default\">\n\t\t\t\t<div class=\"elementor-widget-container\">\n\t\t\t\t\t\t\t<p>Bas\u00e1ndonos nuestra experiencia y aprendizaje continuo, construimos la estrategia digital perfecta para tu empresa. Nos alineamos con los objetivos de tu negocio, de esta manera construimos la comunicaci\u00f3n digital precisa para tus productos o servicios, para que tu empresa destaque en el ecosistema digital; y lo respaldamos con datos claros<\/p><p>Tus resultados son nuestros resultados. Trabajamos de la mano con tu equipo, aportando nuestra experiencia y conocimientos t\u00e1cticos, a la vez que nos nutrimos de los conocimientos internos para llevar a tu empresa a marcar una fuerte y clara presencia digital, que tus competidores envidiar\u00e1n.<\/p>\t\t\t\t\t\t<\/div>\n\t\t\t\t<\/div>\n\t\t\t\t<\/div>\n\t\t\t\t\t<\/div>\n\t\t\t\t<\/div>\n\t\t<div class=\"elementor-element elementor-element-e8ec5cd e-flex e-con-boxed e-con e-parent\" data-id=\"e8ec5cd\" data-element_type=\"container\" data-settings=\"{&quot;background_background&quot;:&quot;classic&quot;}\" data-core-v316-plus=\"true\">\n\t\t\t\t\t<div class=\"e-con-inner\">\n\t\t\t\t<div class=\"elementor-element elementor-element-101113f elementor-widget elementor-widget-heading\" data-id=\"101113f\" data-element_type=\"widget\" data-widget_type=\"heading.default\">\n\t\t\t\t<div class=\"elementor-widget-container\">\n\t\t\t<h2 class=\"elementor-heading-title elementor-size-default\">Nuestra cultura<\/h2>\t\t<\/div>\n\t\t\t\t<\/div>\n\t\t\t\t<div class=\"elementor-element elementor-element-8c8a5eb elementor-widget__width-initial elementor-widget elementor-widget-text-editor\" data-id=\"8c8a5eb\" data-element_type=\"widget\" data-widget_type=\"text-editor.default\">\n\t\t\t\t<div class=\"elementor-widget-container\">\n\t\t\t\t\t\t\t<ul><li><strong>Adaptabilidad:<\/strong> Nos adaptamos a un ambiente digital que cambia de manera acelerada y profunda, de la misma manera que nos adaptamos al entorno.<\/li><li><strong>Colaboraci\u00f3n:<\/strong> Entendiendo la colaboraci\u00f3n como respeto, compromiso, cooperaci\u00f3n y en concordancia con los objetivos.<\/li><li><strong>Resultados:<\/strong> Los resultados nos mueven, son nuestra raz\u00f3n de ser y es donde ponemos el coraz\u00f3n d\u00eda a d\u00eda.<\/li><\/ul>\t\t\t\t\t\t<\/div>\n\t\t\t\t<\/div>\n\t\t\t\t\t<\/div>\n\t\t\t\t<\/div>\n\t\t<div class=\"elementor-element elementor-element-50634fe elementor-hidden-desktop elementor-hidden-tablet elementor-hidden-mobile e-flex e-con-boxed e-con e-parent\" data-id=\"50634fe\" data-element_type=\"container\" data-settings=\"{&quot;background_background&quot;:&quot;classic&quot;}\" data-core-v316-plus=\"true\">\n\t\t\t\t\t<div class=\"e-con-inner\">\n\t\t\t\t<div class=\"elementor-element elementor-element-e905e48 elementor-position-top elementor-widget elementor-widget-image-box\" data-id=\"e905e48\" data-element_type=\"widget\" data-widget_type=\"image-box.default\">\n\t\t\t\t<div class=\"elementor-widget-container\">\n\t\t\t<style>\/*! elementor - v3.20.0 - 20-03-2024 *\/\n.elementor-widget-image-box .elementor-image-box-content{width:100%}@media (min-width:768px){.elementor-widget-image-box.elementor-position-left .elementor-image-box-wrapper,.elementor-widget-image-box.elementor-position-right .elementor-image-box-wrapper{display:flex}.elementor-widget-image-box.elementor-position-right .elementor-image-box-wrapper{text-align:right;flex-direction:row-reverse}.elementor-widget-image-box.elementor-position-left .elementor-image-box-wrapper{text-align:left;flex-direction:row}.elementor-widget-image-box.elementor-position-top .elementor-image-box-img{margin:auto}.elementor-widget-image-box.elementor-vertical-align-top .elementor-image-box-wrapper{align-items:flex-start}.elementor-widget-image-box.elementor-vertical-align-middle .elementor-image-box-wrapper{align-items:center}.elementor-widget-image-box.elementor-vertical-align-bottom .elementor-image-box-wrapper{align-items:flex-end}}@media (max-width:767px){.elementor-widget-image-box .elementor-image-box-img{margin-left:auto!important;margin-right:auto!important;margin-bottom:15px}}.elementor-widget-image-box .elementor-image-box-img{display:inline-block}.elementor-widget-image-box .elementor-image-box-title a{color:inherit}.elementor-widget-image-box .elementor-image-box-wrapper{text-align:center}.elementor-widget-image-box .elementor-image-box-description{margin:0}<\/style><div class=\"elementor-image-box-wrapper\"><figure class=\"elementor-image-box-img\"><img decoding=\"async\" width=\"145\" height=\"183\" src=\"https:\/\/estrategiaviral.com\/wp-content\/uploads\/2024\/03\/imagenDL.png\" class=\"attachment-full size-full wp-image-402\" alt=\"\" \/><\/figure><div class=\"elementor-image-box-content\"><h3 class=\"elementor-image-box-title\">Diana Levy<\/h3><p class=\"elementor-image-box-description\">Presidente - co-Fundadora<\/p><\/div><\/div>\t\t<\/div>\n\t\t\t\t<\/div>\n\t\t\t\t<div class=\"elementor-element elementor-element-9a2094f elementor-widget__width-initial elementor-widget elementor-widget-text-editor\" data-id=\"9a2094f\" data-element_type=\"widget\" data-widget_type=\"text-editor.default\">\n\t\t\t\t<div class=\"elementor-widget-container\">\n\t\t\t\t\t\t\t<p>Soy dise\u00f1adora, con estudios en marketing y a\u00fan hoy me considero una estudiante. Desde que inici\u00e9 mi profesi\u00f3n en dise\u00f1o web siempre he tenido claro que el objetivo de un website es conectar empresas con clientes, as\u00ed que m\u00e1s que enfocarme en el dise\u00f1o meramente est\u00e9tico mi <strong>enfoque web ha sido en el dise\u00f1o de la comunicaci\u00f3n efectiva.<\/strong><\/p><p>En 2015 realic\u00e9 un taller en Neuromarketing que enlaza muchos conceptos del marketing tradicional y los he aplicado en el entorno digital para influir en los <strong>procesos de compra de los usuarios<\/strong>. Estoy es certificada por Google Partners y contin\u00fao d\u00eda a d\u00eda actualizando mis conocimientos, lo que considero un reto constante.<\/p>\t\t\t\t\t\t<\/div>\n\t\t\t\t<\/div>\n\t\t\t\t\t<\/div>\n\t\t\t\t<\/div>\n\t\t<div class=\"elementor-element elementor-element-feabed8 elementor-hidden-desktop elementor-hidden-tablet elementor-hidden-mobile e-flex e-con-boxed e-con e-parent\" data-id=\"feabed8\" data-element_type=\"container\" data-settings=\"{&quot;background_background&quot;:&quot;classic&quot;}\" data-core-v316-plus=\"true\">\n\t\t\t\t\t<div class=\"e-con-inner\">\n\t\t\t\t<div class=\"elementor-element elementor-element-03a9d4e elementor-widget elementor-widget-text-editor\" data-id=\"03a9d4e\" data-element_type=\"widget\" data-widget_type=\"text-editor.default\">\n\t\t\t\t<div class=\"elementor-widget-container\">\n\t\t\t\t\t\t\t<p><em>En el entorno digital debes aprender constantemente, la tecnolog\u00eda, las tendencias y las herramientas cambian muy r\u00e1pido, estar actualizada es clave en mi trabajo<\/em><\/p>\t\t\t\t\t\t<\/div>\n\t\t\t\t<\/div>\n\t\t\t\t\t<\/div>\n\t\t\t\t<\/div>\n\t\t<div class=\"elementor-element elementor-element-db4e9cd elementor-hidden-desktop elementor-hidden-tablet elementor-hidden-mobile e-flex e-con-boxed e-con e-parent\" data-id=\"db4e9cd\" data-element_type=\"container\" data-settings=\"{&quot;background_background&quot;:&quot;classic&quot;}\" data-core-v316-plus=\"true\">\n\t\t\t\t\t<div class=\"e-con-inner\">\n\t\t\t\t<div class=\"elementor-element elementor-element-9a0c2ea elementor-position-top elementor-widget elementor-widget-image-box\" data-id=\"9a0c2ea\" data-element_type=\"widget\" data-widget_type=\"image-box.default\">\n\t\t\t\t<div class=\"elementor-widget-container\">\n\t\t\t<div class=\"elementor-image-box-wrapper\"><figure class=\"elementor-image-box-img\"><img decoding=\"async\" width=\"145\" height=\"197\" src=\"https:\/\/estrategiaviral.com\/wp-content\/uploads\/2024\/03\/imagenAG.png\" class=\"attachment-full size-full wp-image-401\" alt=\"\" \/><\/figure><div class=\"elementor-image-box-content\"><h3 class=\"elementor-image-box-title\">Alexander Gu\u00e9dez Barefield<\/h3><p class=\"elementor-image-box-description\">Gerente Ejecutivo - Co-Fundador<\/p><\/div><\/div>\t\t<\/div>\n\t\t\t\t<\/div>\n\t\t\t\t<div class=\"elementor-element elementor-element-631ce44 elementor-widget__width-initial elementor-widget elementor-widget-text-editor\" data-id=\"631ce44\" data-element_type=\"widget\" data-widget_type=\"text-editor.default\">\n\t\t\t\t<div class=\"elementor-widget-container\">\n\t\t\t\t\t\t\t<p>Soy Empresario Latino Americano de software, graduado de Ingeniero en Computaci\u00f3n con m\u00e1s de 20 a\u00f1os de carrera profesional en sistemas de informaci\u00f3n y ventas en todo el continente Americano. Como Norte creo en la evoluci\u00f3n digital de las ventas cerrando las brechas que existen entre los negocios tradicionales y nuevos clientes.<\/p><p>En la \u00e9poca en que vivimos la transformaci\u00f3n de procesos empresariales es indispensable para salir victoriosos sobre nuestra competencia. Estamos en una carrera donde la inversi\u00f3n asertiva del tiempo y presupuesto se vuelve estrat\u00e9gica, y el resultado solo se medir\u00e1 en el crecimiento o fracaso de nuestras organizaciones. El tiempo de tomar acci\u00f3n es ahora, ma\u00f1ana es tarde.<\/p>\t\t\t\t\t\t<\/div>\n\t\t\t\t<\/div>\n\t\t\t\t\t<\/div>\n\t\t\t\t<\/div>\n\t\t<div class=\"elementor-element elementor-element-8635810 elementor-hidden-desktop elementor-hidden-tablet elementor-hidden-mobile e-flex e-con-boxed e-con e-parent\" data-id=\"8635810\" data-element_type=\"container\" data-settings=\"{&quot;background_background&quot;:&quot;classic&quot;}\" data-core-v316-plus=\"true\">\n\t\t\t\t\t<div class=\"e-con-inner\">\n\t\t\t\t<div class=\"elementor-element elementor-element-56e26fd elementor-widget elementor-widget-text-editor\" data-id=\"56e26fd\" data-element_type=\"widget\" data-widget_type=\"text-editor.default\">\n\t\t\t\t<div class=\"elementor-widget-container\">\n\t\t\t\t\t\t\t<p><em>En el entorno digital debes aprender constantemente, la tecnolog\u00eda, las tendencias y las herramientas cambian muy r\u00e1pido, estar actualizada es clave en mi trabajo<\/em><\/p>\t\t\t\t\t\t<\/div>\n\t\t\t\t<\/div>\n\t\t\t\t\t<\/div>\n\t\t\t\t<\/div>\n\t\t<div class=\"elementor-element elementor-element-5d9945b elementor-hidden-desktop elementor-hidden-tablet elementor-hidden-mobile e-flex e-con-boxed e-con e-parent\" data-id=\"5d9945b\" data-element_type=\"container\" data-settings=\"{&quot;background_background&quot;:&quot;classic&quot;}\" data-core-v316-plus=\"true\">\n\t\t\t\t\t<div class=\"e-con-inner\">\n\t\t<div class=\"elementor-element elementor-element-c50f400 e-con-full e-flex e-con e-child\" data-id=\"c50f400\" data-element_type=\"container\">\n\t\t\t\t<div class=\"elementor-element elementor-element-6edbb9d elementor-widget elementor-widget-image\" data-id=\"6edbb9d\" data-element_type=\"widget\" data-widget_type=\"image.default\">\n\t\t\t\t<div class=\"elementor-widget-container\">\n\t\t\t<style>\/*! elementor - v3.20.0 - 20-03-2024 *\/\n.elementor-widget-image{text-align:center}.elementor-widget-image a{display:inline-block}.elementor-widget-image a img[src$=\".svg\"]{width:48px}.elementor-widget-image img{vertical-align:middle;display:inline-block}<\/style>\t\t\t\t\t\t\t\t\t\t<img fetchpriority=\"high\" decoding=\"async\" width=\"869\" height=\"748\" src=\"https:\/\/estrategiaviral.com\/wp-content\/uploads\/2024\/04\/1.png\" class=\"attachment-full size-full wp-image-2044\" alt=\"\" srcset=\"https:\/\/estrategiaviral.com\/wp-content\/uploads\/2024\/04\/1.png 869w, https:\/\/estrategiaviral.com\/wp-content\/uploads\/2024\/04\/1-300x258.png 300w, https:\/\/estrategiaviral.com\/wp-content\/uploads\/2024\/04\/1-768x661.png 768w\" sizes=\"(max-width: 869px) 100vw, 869px\" \/>\t\t\t\t\t\t\t\t\t\t\t\t\t<\/div>\n\t\t\t\t<\/div>\n\t\t\t\t<\/div>\n\t\t<div class=\"elementor-element elementor-element-72ab14e e-con-full e-flex e-con e-child\" data-id=\"72ab14e\" data-element_type=\"container\">\n\t\t\t\t<div class=\"elementor-element elementor-element-bc5576b elementor-widget elementor-widget-image\" data-id=\"bc5576b\" data-element_type=\"widget\" data-widget_type=\"image.default\">\n\t\t\t\t<div class=\"elementor-widget-container\">\n\t\t\t\t\t\t\t\t\t\t\t\t\t<img loading=\"lazy\" decoding=\"async\" width=\"869\" height=\"748\" src=\"https:\/\/estrategiaviral.com\/wp-content\/uploads\/2024\/04\/2.png\" class=\"attachment-full size-full wp-image-2045\" alt=\"\" srcset=\"https:\/\/estrategiaviral.com\/wp-content\/uploads\/2024\/04\/2.png 869w, https:\/\/estrategiaviral.com\/wp-content\/uploads\/2024\/04\/2-300x258.png 300w, https:\/\/estrategiaviral.com\/wp-content\/uploads\/2024\/04\/2-768x661.png 768w\" sizes=\"(max-width: 869px) 100vw, 869px\" \/>\t\t\t\t\t\t\t\t\t\t\t\t\t<\/div>\n\t\t\t\t<\/div>\n\t\t\t\t<\/div>\n\t\t<div class=\"elementor-element elementor-element-77ddafa e-con-full e-flex e-con e-child\" data-id=\"77ddafa\" data-element_type=\"container\">\n\t\t\t\t<div class=\"elementor-element elementor-element-a25552e elementor-widget elementor-widget-image\" data-id=\"a25552e\" data-element_type=\"widget\" data-widget_type=\"image.default\">\n\t\t\t\t<div class=\"elementor-widget-container\">\n\t\t\t\t\t\t\t\t\t\t\t\t\t<img loading=\"lazy\" decoding=\"async\" width=\"869\" height=\"748\" src=\"https:\/\/estrategiaviral.com\/wp-content\/uploads\/2024\/04\/3.png\" class=\"attachment-full size-full wp-image-2046\" alt=\"\" srcset=\"https:\/\/estrategiaviral.com\/wp-content\/uploads\/2024\/04\/3.png 869w, https:\/\/estrategiaviral.com\/wp-content\/uploads\/2024\/04\/3-300x258.png 300w, https:\/\/estrategiaviral.com\/wp-content\/uploads\/2024\/04\/3-768x661.png 768w\" sizes=\"(max-width: 869px) 100vw, 869px\" \/>\t\t\t\t\t\t\t\t\t\t\t\t\t<\/div>\n\t\t\t\t<\/div>\n\t\t\t\t<\/div>\n\t\t\t\t\t<\/div>\n\t\t\t\t<\/div>\n\t\t<div class=\"elementor-element elementor-element-ccaecf4 elementor-hidden-desktop elementor-hidden-tablet elementor-hidden-mobile e-flex e-con-boxed e-con e-parent\" data-id=\"ccaecf4\" data-element_type=\"container\" data-settings=\"{&quot;background_background&quot;:&quot;classic&quot;}\" data-core-v316-plus=\"true\">\n\t\t\t\t\t<div class=\"e-con-inner\">\n\t\t<div class=\"elementor-element elementor-element-0285cba e-con-full e-flex e-con e-child\" data-id=\"0285cba\" data-element_type=\"container\">\n\t\t\t\t<div class=\"elementor-element elementor-element-cf155c0 elementor-widget elementor-widget-image\" data-id=\"cf155c0\" data-element_type=\"widget\" data-widget_type=\"image.default\">\n\t\t\t\t<div class=\"elementor-widget-container\">\n\t\t\t\t\t\t\t\t\t\t\t\t\t<img loading=\"lazy\" decoding=\"async\" width=\"869\" height=\"748\" src=\"https:\/\/estrategiaviral.com\/wp-content\/uploads\/2024\/04\/4.png\" class=\"attachment-full size-full wp-image-2047\" alt=\"\" srcset=\"https:\/\/estrategiaviral.com\/wp-content\/uploads\/2024\/04\/4.png 869w, https:\/\/estrategiaviral.com\/wp-content\/uploads\/2024\/04\/4-300x258.png 300w, https:\/\/estrategiaviral.com\/wp-content\/uploads\/2024\/04\/4-768x661.png 768w\" sizes=\"(max-width: 869px) 100vw, 869px\" \/>\t\t\t\t\t\t\t\t\t\t\t\t\t<\/div>\n\t\t\t\t<\/div>\n\t\t\t\t<\/div>\n\t\t<div class=\"elementor-element elementor-element-33b3e93 e-con-full e-flex e-con e-child\" data-id=\"33b3e93\" data-element_type=\"container\">\n\t\t\t\t<div class=\"elementor-element elementor-element-27d780e elementor-widget elementor-widget-image\" data-id=\"27d780e\" data-element_type=\"widget\" data-widget_type=\"image.default\">\n\t\t\t\t<div class=\"elementor-widget-container\">\n\t\t\t\t\t\t\t\t\t\t\t\t\t<img loading=\"lazy\" decoding=\"async\" width=\"869\" height=\"748\" src=\"https:\/\/estrategiaviral.com\/wp-content\/uploads\/2024\/04\/5.png\" class=\"attachment-full size-full wp-image-2048\" alt=\"\" srcset=\"https:\/\/estrategiaviral.com\/wp-content\/uploads\/2024\/04\/5.png 869w, https:\/\/estrategiaviral.com\/wp-content\/uploads\/2024\/04\/5-300x258.png 300w, https:\/\/estrategiaviral.com\/wp-content\/uploads\/2024\/04\/5-768x661.png 768w\" sizes=\"(max-width: 869px) 100vw, 869px\" \/>\t\t\t\t\t\t\t\t\t\t\t\t\t<\/div>\n\t\t\t\t<\/div>\n\t\t\t\t<\/div>\n\t\t<div class=\"elementor-element elementor-element-bf0090d e-con-full e-flex e-con e-child\" data-id=\"bf0090d\" data-element_type=\"container\">\n\t\t\t\t<div class=\"elementor-element elementor-element-203cb2d elementor-widget elementor-widget-image\" data-id=\"203cb2d\" data-element_type=\"widget\" data-widget_type=\"image.default\">\n\t\t\t\t<div class=\"elementor-widget-container\">\n\t\t\t\t\t\t\t\t\t\t\t\t\t<img loading=\"lazy\" decoding=\"async\" width=\"869\" height=\"748\" src=\"https:\/\/estrategiaviral.com\/wp-content\/uploads\/2024\/04\/6.png\" class=\"attachment-full size-full wp-image-2049\" alt=\"\" srcset=\"https:\/\/estrategiaviral.com\/wp-content\/uploads\/2024\/04\/6.png 869w, https:\/\/estrategiaviral.com\/wp-content\/uploads\/2024\/04\/6-300x258.png 300w, https:\/\/estrategiaviral.com\/wp-content\/uploads\/2024\/04\/6-768x661.png 768w\" sizes=\"(max-width: 869px) 100vw, 869px\" \/>\t\t\t\t\t\t\t\t\t\t\t\t\t<\/div>\n\t\t\t\t<\/div>\n\t\t\t\t<\/div>\n\t\t\t\t\t<\/div>\n\t\t\t\t<\/div>\n\t\t<div class=\"elementor-element elementor-element-33d78af e-flex e-con-boxed e-con e-parent\" data-id=\"33d78af\" data-element_type=\"container\" data-core-v316-plus=\"true\">\n\t\t\t\t\t<div class=\"e-con-inner\">\n\t\t\t\t<div class=\"elementor-element elementor-element-0c403d4 elementor-widget elementor-widget-image\" data-id=\"0c403d4\" data-element_type=\"widget\" data-widget_type=\"image.default\">\n\t\t\t\t<div class=\"elementor-widget-container\">\n\t\t\t\t\t\t\t\t\t\t\t\t\t<img loading=\"lazy\" decoding=\"async\" width=\"647\" height=\"719\" src=\"https:\/\/estrategiaviral.com\/wp-content\/uploads\/2024\/04\/Capture-3.jpg\" class=\"attachment-full size-full wp-image-2094\" alt=\"\" srcset=\"https:\/\/estrategiaviral.com\/wp-content\/uploads\/2024\/04\/Capture-3.jpg 647w, https:\/\/estrategiaviral.com\/wp-content\/uploads\/2024\/04\/Capture-3-270x300.jpg 270w\" sizes=\"(max-width: 647px) 100vw, 647px\" \/>\t\t\t\t\t\t\t\t\t\t\t\t\t<\/div>\n\t\t\t\t<\/div>\n\t\t\t\t\t<\/div>\n\t\t\t\t<\/div>\n\t\t<div class=\"elementor-element elementor-element-941e231 e-flex e-con-boxed e-con e-parent\" data-id=\"941e231\" data-element_type=\"container\" data-settings=\"{&quot;background_background&quot;:&quot;classic&quot;}\" data-core-v316-plus=\"true\">\n\t\t\t\t\t<div class=\"e-con-inner\">\n\t\t\t\t\t<\/div>\n\t\t\t\t<\/div>\n\t\t\t\t<\/div>\n\t\t","protected":false},"excerpt":{"rendered":"<p>Nuestra f\u00f3rmula al servicio de tu \u00e9xito digital Un equipo humano que aporta arte, dise\u00f1o y tecnolog\u00eda Los desaf\u00edos digitales se han multiplicado en los \u00faltimos a\u00f1os, ser competitivos en los medios digitales hoy en d\u00eda, puede determinar el \u00e9xito o fracaso de tu negocio. Un experimentado equipo que suma a tu empresa diversos talentos [&hellip;]<\/p>\n","protected":false},"author":1,"featured_media":0,"parent":0,"menu_order":0,"comment_status":"closed","ping_status":"closed","template":"","meta":{"inline_featured_image":false,"footnotes":""},"class_list":["post-10","page","type-page","status-publish","hentry"],"_links":{"self":[{"href":"https:\/\/estrategiaviral.com\/index.php\/wp-json\/wp\/v2\/pages\/10","targetHints":{"allow":["GET"]}}],"collection":[{"href":"https:\/\/estrategiaviral.com\/index.php\/wp-json\/wp\/v2\/pages"}],"about":[{"href":"https:\/\/estrategiaviral.com\/index.php\/wp-json\/wp\/v2\/types\/page"}],"author":[{"embeddable":true,"href":"https:\/\/estrategiaviral.com\/index.php\/wp-json\/wp\/v2\/users\/1"}],"replies":[{"embeddable":true,"href":"https:\/\/estrategiaviral.com\/index.php\/wp-json\/wp\/v2\/comments?post=10"}],"version-history":[{"count":178,"href":"https:\/\/estrategiaviral.com\/index.php\/wp-json\/wp\/v2\/pages\/10\/revisions"}],"predecessor-version":[{"id":2097,"href":"https:\/\/estrategiaviral.com\/index.php\/wp-json\/wp\/v2\/pages\/10\/revisions\/2097"}],"wp:attachment":[{"href":"https:\/\/estrategiaviral.com\/index.php\/wp-json\/wp\/v2\/media?parent=10"}],"curies":[{"name":"wp","href":"https:\/\/api.w.org\/{rel}","templated":true}]}}